{"id":223,"date":"2018-11-20T14:20:54","date_gmt":"2018-11-20T14:20:54","guid":{"rendered":"https:\/\/quebonicescrevillentquanestanet.com\/?page_id=223"},"modified":"2021-01-26T09:43:48","modified_gmt":"2021-01-26T08:43:48","slug":"puntos-limpios-de-vertidos-controlados","status":"publish","type":"page","link":"https:\/\/crevillentnetescosadetots.com\/es\/puntos-limpios-de-vertidos-controlados\/","title":{"rendered":"Puntos limpios de vertidos controlados"},"content":{"rendered":"<div class=\"wpb-content-wrapper\">[vc_row][vc_column][vc_empty_space height=\u00bb52px\u00bb][vc_column_text css=\u00bb.vc_custom_1542439889719{margin-bottom: 0px !important;}\u00bb]\n<h1 style=\"text-align: center;\"><b>PUNTOS LIMPIOS DE VERTIDOS CONTROLADOS<\/b><\/h1>\n[\/vc_column_text][vc_zigzag color=\u00bbcustom\u00bb el_width=\u00bb20&#8243; custom_color=\u00bb#68561c\u00bb][vc_empty_space height=\u00bb42px\u00bb][\/vc_column][\/vc_row][vc_row][vc_column width=\u00bb1\/2&#8243;][vc_column_text css=\u00bb.vc_custom_1543238004676{margin-bottom: 0px !important;}\u00bb]\n<p style=\"text-align: center;\"><strong>\u00a1Mejoremos nuestro entorno!<\/strong><\/p>\n<p>Se han instalado en el extrarradio del t\u00e9rmino municipal, en lugares con mayor afluencia y concentraci\u00f3n de vecinos, 10 puntos para la recogida de muebles y enseres, para reducir los vertidos incontrolados y evitar a los usuarios el desplazamiento hasta el <a href=\"https:\/\/crevillentnetescosadetots.com\/ecoparque\/\">ecoparque<\/a>.<\/p>\n<p>Con ese fin, estas 10 ubicaciones de contenedores se han dotado de una solera de hormig\u00f3n con un espacio delimitado para la instalaci\u00f3n de los contenedores de basura, y un espacio anexo para la entrega ordenada de residuos voluminosos.<\/p>\n<p>El espacio de la izquierda estar\u00e1 ocupado por contenedores, y el de la derecha es el destinado al resto de residuos.[\/vc_column_text][\/vc_column][vc_column width=\u00bb1\/2&#8243;][vc_column_text css=\u00bb.vc_custom_1542723666162{margin-bottom: 0px !important;}\u00bb]\n<div class=\"page\" title=\"Page 1\">\n<div class=\"layoutArea\">\n<div class=\"column\">\n<div class=\"page\" title=\"Page 2\">\n<div class=\"layoutArea\">\n<div class=\"column\">\n<p style=\"text-align: center;\"><strong>\u00a1Haz uso de los vertederos controlados!<\/strong><\/p>\n<\/div>\n<\/div>\n<\/div>\n<\/div>\n<\/div>\n<\/div>\n[\/vc_column_text][vc_column_text css=\u00bb.vc_custom_1542440316505{margin-bottom: 0px !important;}\u00bb]<img loading=\"lazy\" decoding=\"async\" class=\"wp-image-230 size-full aligncenter\" src=\"https:\/\/crevillentnetescosadetots.com\/wp-content\/uploads\/2018\/11\/espacio-vertidos-controlados.jpg\" alt=\"espacio vertidos controlados\" width=\"676\" height=\"460\" srcset=\"https:\/\/crevillentnetescosadetots.com\/wp-content\/uploads\/2018\/11\/espacio-vertidos-controlados.jpg 676w, https:\/\/crevillentnetescosadetots.com\/wp-content\/uploads\/2018\/11\/espacio-vertidos-controlados-300x204.jpg 300w\" sizes=\"auto, (max-width: 676px) 100vw, 676px\" \/>[\/vc_column_text][\/vc_column][\/vc_row][vc_row][vc_column][vc_column_text css=\u00bb.vc_custom_1549627822246{margin-bottom: 0px !important;}\u00bb]\n<div class=\"page\" title=\"Page 1\">\n<div class=\"layoutArea\">\n<div class=\"column\">\n<div class=\"page\" title=\"Page 2\">\n<div class=\"layoutArea\">\n<div class=\"column\">\n<p style=\"text-align: center;\"><span style=\"color: #ed0909;\">No se podr\u00e1n depositar<\/span> bajo ning\u00fan concepto <span style=\"color: #ed0909;\">neum\u00e1ticos, residuos de textiles, restos de poda o escombros a granel, residuos industriales ni residuos peligrosos<\/span>. Los restos de poda, escombros, y determinados residuos peligrosos (pinturas, envases vac\u00edos, aparatos el\u00e9ctricos y electr\u00f3nicos) pueden depositarse en el ecoparque.<\/p>\n<\/div>\n<\/div>\n<\/div>\n<\/div>\n<\/div>\n<\/div>\n[\/vc_column_text][\/vc_column][\/vc_row][vc_row][vc_column][vc_empty_space height=\u00bb12px\u00bb][\/vc_column][\/vc_row][vc_row][vc_column][vc_column_text css=\u00bb.vc_custom_1543237956744{margin-bottom: 0px !important;}\u00bb]\n<h1 style=\"text-align: center;\"><b>\u00bfD\u00d3NDE SE ENCUENTRAN ESTOS PUNTOS?<\/b><\/h1>\n[\/vc_column_text][vc_zigzag color=\u00bbcustom\u00bb el_width=\u00bb20&#8243; custom_color=\u00bb#68561c\u00bb][vc_empty_space height=\u00bb12px\u00bb][\/vc_column][\/vc_row][vc_row][vc_column width=\u00bb1\/2&#8243;][mk_custom_list style=\u00bbmk-icon-trash-o\u00bb icon_color=\u00bb#f2b338&#8243;]\n<ul>\n<li>N-340<\/li>\n<li>Camino de los pavos<\/li>\n<li>San Antonio de la Florida. Cuesta de las piedras.<\/li>\n<li>N-325<\/li>\n<li>Trasvase. Puente 6<\/li>\n<li>Trasvase. Puente 8<\/li>\n<li>Camino viejo de Catral<\/li>\n<li>Vereda de Orihuela<\/li>\n<li>Camino de las elevaciones. 4\u00aa elevaci\u00f3n.<\/li>\n<li>Camino de las elevaciones. 5\u00aa elevaci\u00f3n.<\/li>\n<\/ul>\n[\/mk_custom_list][\/vc_column][vc_column width=\u00bb1\/2&#8243;][vc_column_text css=\u00bb.vc_custom_1543508033914{margin-bottom: 0px !important;}\u00bb]<iframe loading=\"lazy\" src=\"https:\/\/www.google.com\/maps\/d\/embed?mid=1L2I1gT5wegMbSO3byBQkiis5b4cEm7Q-\" width=\"100%\" height=\"480\"><\/iframe>[\/vc_column_text][\/vc_column][\/vc_row][vc_row][vc_column][vc_empty_space height=\u00bb52px\u00bb][\/vc_column][\/vc_row][vc_row][vc_column width=\u00bb1\/2&#8243;][vc_single_image image=\u00bb1207&#8243; img_size=\u00bbfull\u00bb alignment=\u00bbcenter\u00bb][\/vc_column][vc_column width=\u00bb1\/2&#8243;][vc_single_image image=\u00bb1209&#8243; img_size=\u00bbfull\u00bb alignment=\u00bbcenter\u00bb][\/vc_column][\/vc_row][vc_row fullwidth=\u00bbtrue\u00bb css=\u00bb.vc_custom_1526401184209{background-image: url(https:\/\/crevillentnetescosadetots.com\/wp-content\/uploads\/2018\/05\/bg-footer.png?id=31) !important;background-position: center !important;background-repeat: no-repeat !important;background-size: cover !important;}\u00bb][vc_column][vc_empty_space height=\u00bb250px\u00bb][\/vc_column][\/vc_row]\n<\/div>","protected":false},"excerpt":{"rendered":"<p>[vc_row][vc_column][vc_empty_space height=\u00bb52px\u00bb][vc_column_text css=\u00bb.vc_custom_1542439889719{margin-bottom: 0px !important;}\u00bb] PUNTOS LIMPIOS DE VERTIDOS CONTROLADOS [\/vc_column_text][vc_zigzag color=\u00bbcustom\u00bb el_width=\u00bb20&#8243; custom_color=\u00bb#68561c\u00bb][vc_empty_space height=\u00bb42px\u00bb][\/vc_column][\/vc_row][vc_row][vc_column width=\u00bb1\/2&#8243;][vc_column_text css=\u00bb.vc_custom_1543238004676{margin-bottom: 0px !important;}\u00bb] \u00a1Mejoremos nuestro entorno! Se han instalado en el extrarradio del t\u00e9rmino [&hellip;]<\/p>\n","protected":false},"author":1,"featured_media":0,"parent":0,"menu_order":0,"comment_status":"closed","ping_status":"closed","template":"","meta":{"_monsterinsights_skip_tracking":false,"_monsterinsights_sitenote_active":false,"_monsterinsights_sitenote_note":"","_monsterinsights_sitenote_category":0,"footnotes":""},"class_list":["post-223","page","type-page","status-publish","hentry"],"_links":{"self":[{"href":"https:\/\/crevillentnetescosadetots.com\/es\/wp-json\/wp\/v2\/pages\/223","targetHints":{"allow":["GET"]}}],"collection":[{"href":"https:\/\/crevillentnetescosadetots.com\/es\/wp-json\/wp\/v2\/pages"}],"about":[{"href":"https:\/\/crevillentnetescosadetots.com\/es\/wp-json\/wp\/v2\/types\/page"}],"author":[{"embeddable":true,"href":"https:\/\/crevillentnetescosadetots.com\/es\/wp-json\/wp\/v2\/users\/1"}],"replies":[{"embeddable":true,"href":"https:\/\/crevillentnetescosadetots.com\/es\/wp-json\/wp\/v2\/comments?post=223"}],"version-history":[{"count":3,"href":"https:\/\/crevillentnetescosadetots.com\/es\/wp-json\/wp\/v2\/pages\/223\/revisions"}],"predecessor-version":[{"id":2178,"href":"https:\/\/crevillentnetescosadetots.com\/es\/wp-json\/wp\/v2\/pages\/223\/revisions\/2178"}],"wp:attachment":[{"href":"https:\/\/crevillentnetescosadetots.com\/es\/wp-json\/wp\/v2\/media?parent=223"}],"curies":[{"name":"wp","href":"https:\/\/api.w.org\/{rel}","templated":true}]}}